{"id":12180,"date":"2021-07-12T07:50:14","date_gmt":"2021-07-12T07:50:14","guid":{"rendered":"http:\/\/lafondaantigua.com\/?page_id=12180"},"modified":"2021-07-12T07:51:06","modified_gmt":"2021-07-12T07:51:06","slug":"aviso-legal-proteccion-de-datos","status":"publish","type":"page","link":"https:\/\/lafondaantigua.com\/en\/aviso-legal-proteccion-de-datos\/","title":{"rendered":"Aviso Legal"},"content":{"rendered":"\t\t<div data-elementor-type=\"wp-page\" data-elementor-id=\"12180\" class=\"elementor elementor-12180\" data-elementor-post-type=\"page\">\n\t\t\t\t\t\t<section class=\"elementor-section elementor-top-section elementor-element elementor-element-e267dc2 elementor-section-boxed elementor-section-height-default elementor-section-height-default qodef-elementor-content-no\" data-id=\"e267dc2\" data-element_type=\"section\" data-e-type=\"section\">\n\t\t\t\t\t\t<div class=\"elementor-container elementor-column-gap-default\">\n\t\t\t\t\t<div class=\"elementor-column elementor-col-100 elementor-top-column elementor-element elementor-element-4260ffc\" data-id=\"4260ffc\" data-element_type=\"column\" data-e-type=\"column\">\n\t\t\t<div class=\"elementor-widget-wrap elementor-element-populated\">\n\t\t\t\t\t\t<div class=\"elementor-element elementor-element-21da810 elementor-widget elementor-widget-text-editor\" data-id=\"21da810\" data-element_type=\"widget\" data-e-type=\"widget\" data-widget_type=\"text-editor.default\">\n\t\t\t\t<div class=\"elementor-widget-container\">\n\t\t\t\t\t\t\t\t\t<div class=\"item-title-wrap\"><h3 class=\"item-title\">Aviso legal &#8211; Protecci\u00f3n de datos<\/h3><\/div><p><strong>CONDICIONES GENERALES<\/strong><\/p><p>Chicsleepinvejer.com es un dominio en Internet cuya titularidad corresponde a Mar\u00eda Eugenia Claver S\u00e1nchez (en adelante, la titular), con DNI 52.318.288-G y domicilio en Calle Eguiluz, 2-Primera Planta-11.402. Jerez de la Frontera-C\u00e1diz- Espa\u00f1a. (Tel.: +34 625 372 616 &#8211; Email:\u00a0<span id=\"cloakfdcc153742b00afe81706cea4b3a1d72\"><a href=\"mailto:info@chicsleepinvejer.com\">info@chicsleepinvejer.com<\/a><\/span>.<br \/>El uso del sitio Web implica la expresa y plena aceptaci\u00f3n de las condiciones aqu\u00ed expuestas, sin perjuicio de aquellas particulares que pudieran aplicarse a algunos de los servicios concretos ofrecidos a trav\u00e9s del sitio Web.<br \/>La titular se reserva el derecho de modificar en cualquier momento las presentes condiciones de uso as\u00ed como cualesquiera otras condiciones particulares.<\/p><p><strong>PROPIEDAD INTELECTUAL SOBRE LOS CONTENIDOS DEL SITIO WEB.<\/strong><\/p><p>Todos los elementos que forman el sitio Web, as\u00ed como su estructura, dise\u00f1o y c\u00f3digo fuente de la misma, pertenecen a la titular y est\u00e1n protegidos por la normativa de propiedad intelectual e industrial.<br \/>Se proh\u00edbe la reproducci\u00f3n total o parcial de los contenidos de este sitio Web, as\u00ed como su modificaci\u00f3n y\/o distribuci\u00f3n sin citar su origen o solicitar previamente autorizaci\u00f3n.<br \/>La titular no asumir\u00e1 ninguna responsabilidad derivada del uso por terceros del contenido del sitio Web y podr\u00e1 ejercitar todas las acciones civiles o penales que le correspondan en caso de infracci\u00f3n de estos derechos por parte del usuario.<\/p><p><strong>LOPD (LEY ORG\u00c1NICA DE PROTECCI\u00d3N DE DATOS DE CAR\u00c1CTER PERSONAL)<\/strong><\/p><p>En cumplimiento de lo dispuesto en la Ley Org\u00e1nica 15\/1999 de Protecci\u00f3n de Datos de Car\u00e1cter Personal (LOPD), La titular, le informa que los datos personales que nos sean proporcionados podr\u00e1n ser incorporados a los ficheros titularidad de Chic Sleep In Vejer.<\/p><ul><li><span id=\"cloak894760e8f57ec5a15926bae91fdac0f6\"><a href=\"mailto:info@chicsleepinvejer.com\">info@chicsleepinvejer.com<\/a><\/span>. Los datos proporcionados en esta direcci\u00f3n de email se utilizar\u00e1n \u00fanicamente para atender las consultas o sugerencias planteadas.<\/li><li>Reservas. Los datos proporcionados mediante este formulario se utilizar\u00e1n para gestionar las reservas solicitadas, as\u00ed como para proceder a al cobro de las cantidades consignadas para constituir los dep\u00f3sitos de reserva\/fianza.<\/li><\/ul><p>La titular se compromete al cumplimiento de su obligaci\u00f3n de secreto con respecto a los datos de car\u00e1cter personal suministrados y al deber de tratarlos con confidencialidad y reserva, conforme a la legislaci\u00f3n vigente. A estos efectos adoptar\u00e1 las medidas necesarias para evitar su alteraci\u00f3n, p\u00e9rdida, tratamiento o acceso no autorizado de conformidad con el Reglamento de desarrollo de la LOPD.<\/p><p>Cualquier dato e informaci\u00f3n que sea enviado a Chic Sleep In Vejer, cualesquiera que sean su formato y soporte, ser\u00e1 tratado con absoluta confidencialidad y reserva. S\u00f3lo en el caso de que las Fuerzas y Cuerpos de Seguridad del Estado, requieran el acceso a esa informaci\u00f3n, en los estrictos t\u00e9rminos de la legislaci\u00f3n vigente y todos aquellos otros supuestos legalmente establecidos, le ser\u00e1 proporcionada conforme a lo que exige la Ley.<\/p><p>Asimismo, le informamos que puede ejercer los derechos de acceso, rectificaci\u00f3n, cancelaci\u00f3n y oposici\u00f3n, mediante escrito dirigido a Chic Sleep In Vejer- Calle Eguiluz, 2-Primera Planta1\u00aa Planta-escalera izquierda. 11.402- Jerez de la Frontera- Cadiz, Espa\u00f1a, o bien remitiendo un mensaje a la direcci\u00f3n de correo electr\u00f3nico\u00a0<span id=\"cloak4c88088419a6dce4e8c05e0d412c46af\"><a href=\"mailto:info@chicsleepinvejer.es\">info@chicsleepinvejer.es<\/a><\/span>.<\/p><p><strong>MENORES DE EDAD<\/strong><\/p><p>Los servicios prestados por el sitio Web www.chicsleepinvejer.com est\u00e1n dirigidos a mayores de 18 a\u00f1os.<\/p><p><strong>COOKIES<\/strong><\/p><p>El sitio Web www.chicsleepinvejer.com utiliza cookies (peque\u00f1os archivos de informaci\u00f3n que el servidor env\u00eda al ordenador de quien accede a la p\u00e1gina) en la medida imprescindible para el correcto funcionamiento y visualizaci\u00f3n del sitio Web por parte del usuario.<br \/>Las cookies utilizadas en el sitio Web tienen, en todo caso, car\u00e1cter temporal y desaparecen al terminar la sesi\u00f3n del usuario. En ning\u00fan caso se utilizar\u00e1n las cookies para recoger informaci\u00f3n de car\u00e1cter personal.<br \/>Puede saber m\u00e1s acerca de nuestra Pol\u00edtica de Cookies haciendo click aqu\u00ed<\/p><p><strong>LINKS<\/strong><\/p><p>Los enlaces contenidos en este sitio Web pueden dirigir a contenidos Web de terceros. La titular no asume ninguna responsabilidad por el contenido, informaciones o servicios que pudieran aparecer en dichos sitios, que tendr\u00e1n exclusivamente car\u00e1cter informativo y que en ning\u00fan caso implican relaci\u00f3n alguna entre www.chicsleepinvejer.com y a las personas o entidades titulares de tales contenidos o titulares de los sitios donde se encuentren.<\/p><p><strong>CONFIDENCIALIDAD<\/strong><\/p><p>Cualquier dato e informaci\u00f3n que sea enviado a www.chicsleepinvejer.com, cualesquiera que sean su formato y soporte, ser\u00e1 tratado con absoluta confidencialidad y reserva. S\u00f3lo en el caso de que las Fuerzas y Cuerpos de Seguridad del Estado, requieran el acceso a esa informaci\u00f3n, en los estrictos t\u00e9rminos de la legislaci\u00f3n vigente y todos aquellos otros supuestos legalmente establecidos, le ser\u00e1 proporcionada conforme a lo que exige la Ley.<br \/>La titular no utilizar\u00e1 en beneficio propio o de terceros, cualquier informaci\u00f3n que le sea proporcionada, ni realizar\u00e1 reproducci\u00f3n parcial o total de la misma por ning\u00fan medio.<\/p><p><strong>CONTACTO<\/strong><\/p><p>De conformidad con lo establecido por la Ley Org\u00e1nica 15\/1999, de 13 de diciembre, de Protecci\u00f3n de Datos de car\u00e1cter personal, en el caso de que establezca contacto con www.chicsleepinvejer.com a trav\u00e9s de cualquiera de las opciones destinadas a ello dentro de este sitio Web, consiente la inclusi\u00f3n de sus datos en un fichero gestionado por la titular, y que los mismos sean utilizados para aquello que nos solicite, raz\u00f3n que, se entiende, motiva el hecho de contactar voluntariamente con www.chicsleepinvejer.com. Asimismo, se entiende que se da por correcta y adecuadamente informado sobre los derechos de acceso, rectificaci\u00f3n, cancelaci\u00f3n y oposici\u00f3n, que podr\u00e1 ejercitar en Chic Sleep In Vejer &#8211; Calle Eguiluz, 2 &#8211; Primera Planta &#8211; escalera izquierda. 11.402 &#8211; Jerez de la Frontera &#8211; Cadiz, Espa\u00f1a, o bien remitiendo un mensaje a la direcci\u00f3n de correo electr\u00f3nico\u00a0<span id=\"cloakb0cd0c5dd6742674d19842575af417f1\"><a href=\"mailto:info@chicsleepinvejer.es\">info@chicsleepinvejer.es<\/a><\/span><\/p>\t\t\t\t\t\t\t\t<\/div>\n\t\t\t\t<\/div>\n\t\t\t\t\t<\/div>\n\t\t<\/div>\n\t\t\t\t\t<\/div>\n\t\t<\/section>\n\t\t\t\t<\/div>\n\t\t","protected":false},"excerpt":{"rendered":"<p>Aviso legal &#8211; Protecci\u00f3n de datos CONDICIONES GENERALES Chicsleepinvejer.com es un dominio en Internet cuya titularidad corresponde a Mar\u00eda Eugenia Claver S\u00e1nchez (en adelante, la titular), con DNI 52.318.288-G y domicilio en Calle Eguiluz, 2-Primera Planta-11.402. Jerez de la Frontera-C\u00e1diz- Espa\u00f1a. (Tel.: +34 625 372 616 &#8211; Email:\u00a0info@chicsleepinvejer.com.El uso del sitio Web implica la expresa [&hellip;]<\/p>\n","protected":false},"author":4,"featured_media":0,"parent":0,"menu_order":0,"comment_status":"closed","ping_status":"closed","template":"","meta":{"footnotes":""},"class_list":["post-12180","page","type-page","status-publish","hentry"],"_links":{"self":[{"href":"https:\/\/lafondaantigua.com\/en\/wp-json\/wp\/v2\/pages\/12180","targetHints":{"allow":["GET"]}}],"collection":[{"href":"https:\/\/lafondaantigua.com\/en\/wp-json\/wp\/v2\/pages"}],"about":[{"href":"https:\/\/lafondaantigua.com\/en\/wp-json\/wp\/v2\/types\/page"}],"author":[{"embeddable":true,"href":"https:\/\/lafondaantigua.com\/en\/wp-json\/wp\/v2\/users\/4"}],"replies":[{"embeddable":true,"href":"https:\/\/lafondaantigua.com\/en\/wp-json\/wp\/v2\/comments?post=12180"}],"version-history":[{"count":4,"href":"https:\/\/lafondaantigua.com\/en\/wp-json\/wp\/v2\/pages\/12180\/revisions"}],"predecessor-version":[{"id":12184,"href":"https:\/\/lafondaantigua.com\/en\/wp-json\/wp\/v2\/pages\/12180\/revisions\/12184"}],"wp:attachment":[{"href":"https:\/\/lafondaantigua.com\/en\/wp-json\/wp\/v2\/media?parent=12180"}],"curies":[{"name":"wp","href":"https:\/\/api.w.org\/{rel}","templated":true}]}}